{"id":68,"date":"2023-03-09T02:29:04","date_gmt":"2023-03-09T02:29:04","guid":{"rendered":"https:\/\/demoapus1.com\/nerf\/?page_id=68"},"modified":"2025-08-24T18:19:21","modified_gmt":"2025-08-24T15:19:21","slug":"iletisim","status":"publish","type":"page","link":"https:\/\/alpinegarden.com.tr\/site\/iletisim\/","title":{"rendered":"\u0130leti\u015fim"},"content":{"rendered":"\t\t<div data-elementor-type=\"wp-page\" data-elementor-id=\"68\" class=\"elementor elementor-68\">\n\t\t\t\t\t\t<section class=\"elementor-section elementor-top-section elementor-element elementor-element-1752ad8 elementor-section-stretched elementor-section-boxed elementor-section-height-default elementor-section-height-default\" data-id=\"1752ad8\" data-element_type=\"section\" data-settings=\"{&quot;stretch_section&quot;:&quot;section-stretched&quot;,&quot;background_background&quot;:&quot;classic&quot;}\">\n\t\t\t\t\t\t<div class=\"elementor-container elementor-column-gap-extended\">\n\t\t\t\t\t<div class=\"elementor-column elementor-col-100 elementor-top-column elementor-element elementor-element-87d6244\" data-id=\"87d6244\" data-element_type=\"column\">\n\t\t\t<div class=\"elementor-widget-wrap elementor-element-populated\">\n\t\t\t\t\t\t<div class=\"elementor-element elementor-element-c27a16a elementor-invisible elementor-widget elementor-widget-heading\" data-id=\"c27a16a\" data-element_type=\"widget\" data-settings=\"{&quot;_animation&quot;:&quot;slide-up&quot;}\" data-widget_type=\"heading.default\">\n\t\t\t\t<div class=\"elementor-widget-container\">\n\t\t\t\t\t<h2 class=\"elementor-heading-title elementor-size-default\"><span class=\"text-theme\">B\u0130ZE<\/span> ULA\u015eIN<\/h2>\t\t\t\t<\/div>\n\t\t\t\t<\/div>\n\t\t\t\t\t<\/div>\n\t\t<\/div>\n\t\t\t\t\t<\/div>\n\t\t<\/section>\n\t\t\t\t<section class=\"elementor-section elementor-top-section elementor-element elementor-element-52a0bdf elementor-section-stretched elementor-section-boxed elementor-section-height-default elementor-section-height-default\" data-id=\"52a0bdf\" data-element_type=\"section\" data-settings=\"{&quot;stretch_section&quot;:&quot;section-stretched&quot;,&quot;background_background&quot;:&quot;classic&quot;}\">\n\t\t\t\t\t\t<div class=\"elementor-container elementor-column-gap-extended\">\n\t\t\t\t\t<div class=\"elementor-column elementor-col-50 elementor-top-column elementor-element elementor-element-64a0dfe elementor-invisible\" data-id=\"64a0dfe\" data-element_type=\"column\" data-settings=\"{&quot;animation&quot;:&quot;fadeInLeft&quot;}\">\n\t\t\t<div class=\"elementor-widget-wrap elementor-element-populated\">\n\t\t\t\t\t\t<div class=\"elementor-element elementor-element-fa26363 elementor-widget elementor-widget-heading\" data-id=\"fa26363\" data-element_type=\"widget\" data-widget_type=\"heading.default\">\n\t\t\t\t<div class=\"elementor-widget-container\">\n\t\t\t\t\t<h2 class=\"elementor-heading-title elementor-size-default\">Adres:<\/h2>\t\t\t\t<\/div>\n\t\t\t\t<\/div>\n\t\t\t\t<div class=\"elementor-element elementor-element-75e8d6c elementor-widget elementor-widget-text-editor\" data-id=\"75e8d6c\" data-element_type=\"widget\" data-widget_type=\"text-editor.default\">\n\t\t\t\t<div class=\"elementor-widget-container\">\n\t\t\t\t\t\t\t\t\t<div class=\"elementor-element elementor-element-75e8d6c elementor-widget elementor-widget-text-editor\" data-id=\"75e8d6c\" data-element_type=\"widget\" data-widget_type=\"text-editor.default\"><div class=\"elementor-widget-container\"><p>Ball\u0131kp\u0131nar Cad. 304 Sokak, 06830 G\u00f6lba\u015f\u0131\/ANKARA<\/p><\/div><\/div>\t\t\t\t\t\t\t\t<\/div>\n\t\t\t\t<\/div>\n\t\t\t\t<div class=\"elementor-element elementor-element-64f30c8 elementor-widget elementor-widget-heading\" data-id=\"64f30c8\" data-element_type=\"widget\" data-widget_type=\"heading.default\">\n\t\t\t\t<div class=\"elementor-widget-container\">\n\t\t\t\t\t<h2 class=\"elementor-heading-title elementor-size-default\">Telefon:<\/h2>\t\t\t\t<\/div>\n\t\t\t\t<\/div>\n\t\t\t\t<div class=\"elementor-element elementor-element-05ef826 elementor-icon-list--layout-traditional elementor-list-item-link-full_width elementor-widget elementor-widget-icon-list\" data-id=\"05ef826\" data-element_type=\"widget\" data-widget_type=\"icon-list.default\">\n\t\t\t\t<div class=\"elementor-widget-container\">\n\t\t\t\t\t\t\t<ul class=\"elementor-icon-list-items\">\n\t\t\t\t\t\t\t<li class=\"elementor-icon-list-item\">\n\t\t\t\t\t\t\t\t\t\t\t<a href=\"tel:%20+905307644567\">\n\n\t\t\t\t\t\t\t\t\t\t\t\t<span class=\"elementor-icon-list-icon\">\n\t\t\t\t\t\t\t<i aria-hidden=\"true\" class=\"fas fa-phone-alt\"><\/i>\t\t\t\t\t\t<\/span>\n\t\t\t\t\t\t\t\t\t\t<span class=\"elementor-icon-list-text\"> +90 530 764 45 67<\/span>\n\t\t\t\t\t\t\t\t\t\t\t<\/a>\n\t\t\t\t\t\t\t\t\t<\/li>\n\t\t\t\t\t\t<\/ul>\n\t\t\t\t\t\t<\/div>\n\t\t\t\t<\/div>\n\t\t\t\t<div class=\"elementor-element elementor-element-41a5f00 e-grid-align-mobile-left elementor-shape-rounded elementor-grid-0 elementor-widget elementor-widget-social-icons\" data-id=\"41a5f00\" data-element_type=\"widget\" data-widget_type=\"social-icons.default\">\n\t\t\t\t<div class=\"elementor-widget-container\">\n\t\t\t\t\t\t\t<div class=\"elementor-social-icons-wrapper elementor-grid\">\n\t\t\t\t\t\t\t<span class=\"elementor-grid-item\">\n\t\t\t\t\t<a class=\"elementor-icon elementor-social-icon elementor-social-icon-facebook-f elementor-animation-float elementor-repeater-item-b0a5f71\" href=\"https:\/\/www.facebook.com\/alpinegardenkonaklari?mibextid=wwXIfr&#038;rdid=EF7XcjPzeSO2icIh&#038;share_url=https%3A%2F%2Fwww.facebook.com%2Fshare%2F1NpFzv9xxw%2F%3Fmibextid%3DwwXIfr#\" target=\"_blank\">\n\t\t\t\t\t\t<span class=\"elementor-screen-only\">Facebook-f<\/span>\n\t\t\t\t\t\t<i class=\"fab fa-facebook-f\"><\/i>\t\t\t\t\t<\/a>\n\t\t\t\t<\/span>\n\t\t\t\t\t\t\t<span class=\"elementor-grid-item\">\n\t\t\t\t\t<a class=\"elementor-icon elementor-social-icon elementor-social-icon-twitter elementor-animation-float elementor-repeater-item-c6063b8\" href=\"https:\/\/twitter.com\/alpinegardenev\" target=\"_blank\">\n\t\t\t\t\t\t<span class=\"elementor-screen-only\">Twitter<\/span>\n\t\t\t\t\t\t<i class=\"fab fa-twitter\"><\/i>\t\t\t\t\t<\/a>\n\t\t\t\t<\/span>\n\t\t\t\t\t\t\t<span class=\"elementor-grid-item\">\n\t\t\t\t\t<a class=\"elementor-icon elementor-social-icon elementor-social-icon-youtube elementor-animation-float elementor-repeater-item-5a0f568\" href=\"https:\/\/www.youtube.com\/channel\/UCAp3EYsD95cCgDT5JU2IA9g\" target=\"_blank\">\n\t\t\t\t\t\t<span class=\"elementor-screen-only\">Youtube<\/span>\n\t\t\t\t\t\t<i class=\"fab fa-youtube\"><\/i>\t\t\t\t\t<\/a>\n\t\t\t\t<\/span>\n\t\t\t\t\t\t\t<span class=\"elementor-grid-item\">\n\t\t\t\t\t<a class=\"elementor-icon elementor-social-icon elementor-social-icon-instagram elementor-animation-float elementor-repeater-item-b39c128\" href=\"https:\/\/www.instagram.com\/alpinegardenvillalari\" target=\"_blank\">\n\t\t\t\t\t\t<span class=\"elementor-screen-only\">Instagram<\/span>\n\t\t\t\t\t\t<i class=\"fab fa-instagram\"><\/i>\t\t\t\t\t<\/a>\n\t\t\t\t<\/span>\n\t\t\t\t\t<\/div>\n\t\t\t\t\t\t<\/div>\n\t\t\t\t<\/div>\n\t\t\t\t<div class=\"elementor-element elementor-element-cb96fb3 elementor-widget elementor-widget-google_maps\" data-id=\"cb96fb3\" data-element_type=\"widget\" data-widget_type=\"google_maps.default\">\n\t\t\t\t<div class=\"elementor-widget-container\">\n\t\t\t\t\t\t\t<div class=\"elementor-custom-embed\">\n\t\t\t<iframe loading=\"lazy\"\n\t\t\t\t\tsrc=\"https:\/\/maps.google.com\/maps?q=Ball%C4%B1kp%C4%B1nar%20Cad.%20304%20Sokak%2C%2006830%20G%C3%B6lba%C5%9F%C4%B1%2FANKARA&#038;t=m&#038;z=15&#038;output=embed&#038;iwloc=near\"\n\t\t\t\t\ttitle=\"Ball\u0131kp\u0131nar Cad. 304 Sokak, 06830 G\u00f6lba\u015f\u0131\/ANKARA\"\n\t\t\t\t\taria-label=\"Ball\u0131kp\u0131nar Cad. 304 Sokak, 06830 G\u00f6lba\u015f\u0131\/ANKARA\"\n\t\t\t><\/iframe>\n\t\t<\/div>\n\t\t\t\t\t\t<\/div>\n\t\t\t\t<\/div>\n\t\t\t\t\t<\/div>\n\t\t<\/div>\n\t\t\t\t<div class=\"elementor-column elementor-col-50 elementor-top-column elementor-element elementor-element-0273307\" data-id=\"0273307\" data-element_type=\"column\">\n\t\t\t<div class=\"elementor-widget-wrap elementor-element-populated\">\n\t\t\t\t\t\t<div class=\"elementor-element elementor-element-d7cc170 elementor-widget__width-initial elementor-invisible elementor-widget elementor-widget-shortcode\" data-id=\"d7cc170\" data-element_type=\"widget\" data-settings=\"{&quot;_animation&quot;:&quot;scale&quot;}\" data-widget_type=\"shortcode.default\">\n\t\t\t\t<div class=\"elementor-widget-container\">\n\t\t\t\t\t\t\t<div class=\"elementor-shortcode\">\n<div class=\"wpcf7 no-js\" id=\"wpcf7-f4463-o1\" lang=\"en-US\" dir=\"ltr\" data-wpcf7-id=\"4463\">\n<div class=\"screen-reader-response\"><p role=\"status\" aria-live=\"polite\" aria-atomic=\"true\"><\/p> <ul><\/ul><\/div>\n<form action=\"\/site\/wp-json\/wp\/v2\/pages\/68#wpcf7-f4463-o1\" method=\"post\" class=\"wpcf7-form init\" aria-label=\"Contact form\" novalidate=\"novalidate\" data-status=\"init\">\n<div style=\"display: none;\">\n<input type=\"hidden\" name=\"_wpcf7\" value=\"4463\" \/>\n<input type=\"hidden\" name=\"_wpcf7_version\" value=\"6.0.6\" \/>\n<input type=\"hidden\" name=\"_wpcf7_locale\" value=\"en_US\" \/>\n<input type=\"hidden\" name=\"_wpcf7_unit_tag\" value=\"wpcf7-f4463-o1\" \/>\n<input type=\"hidden\" name=\"_wpcf7_container_post\" value=\"0\" \/>\n<input type=\"hidden\" name=\"_wpcf7_posted_data_hash\" value=\"\" \/>\n<\/div>\n<p><label>Ad\u0131n\u0131z<\/label><br \/>\n<span class=\"wpcf7-form-control-wrap\" data-name=\"your-name\"><input size=\"40\" maxlength=\"400\" class=\"wpcf7-form-control wpcf7-text wpcf7-validates-as-required form-control\" autocomplete=\"name\" aria-required=\"true\" aria-invalid=\"false\" value=\"\" type=\"text\" name=\"your-name\" \/><\/span><br \/>\n<label>Telefon Numaran\u0131z<\/label><br \/>\n<span class=\"wpcf7-form-control-wrap\" data-name=\"your-phone\"><input size=\"40\" maxlength=\"400\" class=\"wpcf7-form-control wpcf7-text wpcf7-validates-as-required form-control\" aria-required=\"true\" aria-invalid=\"false\" value=\"\" type=\"text\" name=\"your-phone\" \/><\/span><br \/>\n<label>E-posta Adresiniz<\/label><br \/>\n<span class=\"wpcf7-form-control-wrap\" data-name=\"your-email\"><input size=\"40\" maxlength=\"400\" class=\"wpcf7-form-control wpcf7-email wpcf7-validates-as-required wpcf7-text wpcf7-validates-as-email form-control m-0\" autocomplete=\"email\" aria-required=\"true\" aria-invalid=\"false\" value=\"\" type=\"email\" name=\"your-email\" \/><\/span><br \/>\n<label>Mesaj\u0131n\u0131z<\/label><br \/>\n<span class=\"wpcf7-form-control-wrap\" data-name=\"mesajiniz\"><textarea cols=\"40\" rows=\"10\" maxlength=\"2000\" class=\"wpcf7-form-control wpcf7-textarea form-control m-0\" aria-invalid=\"false\" name=\"mesajiniz\"><\/textarea><\/span><br \/>\n<span class=\"wpcf7-form-control-wrap\" data-name=\"kvkk-check\"><span class=\"wpcf7-form-control wpcf7-checkbox wpcf7-validates-as-required\"><span class=\"wpcf7-list-item first last\"><label><input type=\"checkbox\" name=\"kvkk-check[]\" value=\"KVKK metnini okudum, kabul ediyorum.\" \/><span class=\"wpcf7-list-item-label\">KVKK metnini okudum, kabul ediyorum.<\/span><\/label><\/span><\/span><\/span><br \/>\n<button class=\"btn btn-theme w-100\" type=\"submit\">G\u00d6NDER<\/button>\n<\/p><div class=\"wpcf7-response-output\" aria-hidden=\"true\"><\/div>\n<\/form>\n<\/div>\n<\/div>\n\t\t\t\t\t\t<\/div>\n\t\t\t\t<\/div>\n\t\t\t\t<div class=\"elementor-element elementor-element-ae9f4cb elementor-widget elementor-widget-text-editor\" data-id=\"ae9f4cb\" data-element_type=\"widget\" data-widget_type=\"text-editor.default\">\n\t\t\t\t<div class=\"elementor-widget-container\">\n\t\t\t\t\t\t\t\t\t<p><span style=\"text-decoration: underline;\"><a href=\"https:\/\/alpinegarden.com.tr\/site\/kvkk-metni\/\">*Ki\u015fisel Verileri Koruma Kanun Metni<\/a><\/span><\/p>\t\t\t\t\t\t\t\t<\/div>\n\t\t\t\t<\/div>\n\t\t\t\t\t<\/div>\n\t\t<\/div>\n\t\t\t\t\t<\/div>\n\t\t<\/section>\n\t\t\t\t<\/div>\n\t\t","protected":false},"excerpt":{"rendered":"<p>B\u0130ZE ULA\u015eIN Adres: Ball\u0131kp\u0131nar Cad. 304 Sokak, 06830 G\u00f6lba\u015f\u0131\/ANKARA Telefon: +90 530 764 45 67 Facebook-f Twitter Youtube Instagram *Ki\u015fisel Verileri Koruma Kanun Metni<\/p>\n","protected":false},"author":1,"featured_media":0,"parent":0,"menu_order":0,"comment_status":"closed","ping_status":"closed","template":"","meta":{"inline_featured_image":false,"footnotes":""},"class_list":["post-68","page","type-page","status-publish","hentry"],"yoast_head":"<!-- This site is optimized with the Yoast SEO plugin v24.9 - https:\/\/yoast.com\/wordpress\/plugins\/seo\/ -->\n<title>\u0130leti\u015fim - Alpine Garden Evleri<\/title>\n<meta name=\"robots\" content=\"index, follow, max-snippet:-1, max-image-preview:large, max-video-preview:-1\" \/>\n<link rel=\"canonical\" href=\"https:\/\/alpinegarden.com.tr\/site\/\/iletisim\/\" \/>\n<meta property=\"og:locale\" content=\"tr_TR\" \/>\n<meta property=\"og:type\" content=\"article\" \/>\n<meta property=\"og:title\" content=\"\u0130leti\u015fim - Alpine Garden Evleri\" \/>\n<meta property=\"og:description\" content=\"B\u0130ZE ULA\u015eIN Adres: Ball\u0131kp\u0131nar Cad. 304 Sokak, 06830 G\u00f6lba\u015f\u0131\/ANKARA Telefon: +90 530 764 45 67 Facebook-f Twitter Youtube Instagram *Ki\u015fisel Verileri Koruma Kanun Metni\" \/>\n<meta property=\"og:url\" content=\"https:\/\/alpinegarden.com.tr\/site\/\/iletisim\/\" \/>\n<meta property=\"og:site_name\" content=\"Alpine Garden Evleri\" \/>\n<meta property=\"article:modified_time\" content=\"2025-08-24T15:19:21+00:00\" \/>\n<meta name=\"twitter:card\" content=\"summary_large_image\" \/>\n<meta name=\"twitter:label1\" content=\"Tahmini okuma s\u00fcresi\" \/>\n\t<meta name=\"twitter:data1\" content=\"1 dakika\" \/>\n<script type=\"application\/ld+json\" class=\"yoast-schema-graph\">{\"@context\":\"https:\/\/schema.org\",\"@graph\":[{\"@type\":\"WebPage\",\"@id\":\"https:\/\/alpinegarden.com.tr\/site\/\/iletisim\/\",\"url\":\"https:\/\/alpinegarden.com.tr\/site\/\/iletisim\/\",\"name\":\"\u0130leti\u015fim - Alpine Garden Evleri\",\"isPartOf\":{\"@id\":\"https:\/\/alpinegarden.com.tr\/site\/#website\"},\"datePublished\":\"2023-03-09T02:29:04+00:00\",\"dateModified\":\"2025-08-24T15:19:21+00:00\",\"breadcrumb\":{\"@id\":\"https:\/\/alpinegarden.com.tr\/site\/\/iletisim\/#breadcrumb\"},\"inLanguage\":\"tr\",\"potentialAction\":[{\"@type\":\"ReadAction\",\"target\":[\"https:\/\/alpinegarden.com.tr\/site\/\/iletisim\/\"]}]},{\"@type\":\"BreadcrumbList\",\"@id\":\"https:\/\/alpinegarden.com.tr\/site\/\/iletisim\/#breadcrumb\",\"itemListElement\":[{\"@type\":\"ListItem\",\"position\":1,\"name\":\"Anasayfa\",\"item\":\"https:\/\/alpinegarden.com.tr\/site\/\/\"},{\"@type\":\"ListItem\",\"position\":2,\"name\":\"\u0130leti\u015fim\"}]},{\"@type\":\"WebSite\",\"@id\":\"https:\/\/alpinegarden.com.tr\/site\/#website\",\"url\":\"https:\/\/alpinegarden.com.tr\/site\/\",\"name\":\"Alpine Garden Evleri\",\"description\":\"\",\"publisher\":{\"@id\":\"https:\/\/alpinegarden.com.tr\/site\/#organization\"},\"potentialAction\":[{\"@type\":\"SearchAction\",\"target\":{\"@type\":\"EntryPoint\",\"urlTemplate\":\"https:\/\/alpinegarden.com.tr\/site\/?s={search_term_string}\"},\"query-input\":{\"@type\":\"PropertyValueSpecification\",\"valueRequired\":true,\"valueName\":\"search_term_string\"}}],\"inLanguage\":\"tr\"},{\"@type\":\"Organization\",\"@id\":\"https:\/\/alpinegarden.com.tr\/site\/#organization\",\"name\":\"Alpine Garden Evleri\",\"url\":\"https:\/\/alpinegarden.com.tr\/site\/\",\"logo\":{\"@type\":\"ImageObject\",\"inLanguage\":\"tr\",\"@id\":\"https:\/\/alpinegarden.com.tr\/site\/#\/schema\/logo\/image\/\",\"url\":\"\",\"contentUrl\":\"\",\"caption\":\"Alpine Garden Evleri\"},\"image\":{\"@id\":\"https:\/\/alpinegarden.com.tr\/site\/#\/schema\/logo\/image\/\"}}]}<\/script>\n<!-- \/ Yoast SEO plugin. -->","yoast_head_json":{"title":"\u0130leti\u015fim - Alpine Garden Evleri","robots":{"index":"index","follow":"follow","max-snippet":"max-snippet:-1","max-image-preview":"max-image-preview:large","max-video-preview":"max-video-preview:-1"},"canonical":"https:\/\/alpinegarden.com.tr\/site\/\/iletisim\/","og_locale":"tr_TR","og_type":"article","og_title":"\u0130leti\u015fim - Alpine Garden Evleri","og_description":"B\u0130ZE ULA\u015eIN Adres: Ball\u0131kp\u0131nar Cad. 304 Sokak, 06830 G\u00f6lba\u015f\u0131\/ANKARA Telefon: +90 530 764 45 67 Facebook-f Twitter Youtube Instagram *Ki\u015fisel Verileri Koruma Kanun Metni","og_url":"https:\/\/alpinegarden.com.tr\/site\/\/iletisim\/","og_site_name":"Alpine Garden Evleri","article_modified_time":"2025-08-24T15:19:21+00:00","twitter_card":"summary_large_image","twitter_misc":{"Tahmini okuma s\u00fcresi":"1 dakika"},"schema":{"@context":"https:\/\/schema.org","@graph":[{"@type":"WebPage","@id":"https:\/\/alpinegarden.com.tr\/site\/\/iletisim\/","url":"https:\/\/alpinegarden.com.tr\/site\/\/iletisim\/","name":"\u0130leti\u015fim - Alpine Garden Evleri","isPartOf":{"@id":"https:\/\/alpinegarden.com.tr\/site\/#website"},"datePublished":"2023-03-09T02:29:04+00:00","dateModified":"2025-08-24T15:19:21+00:00","breadcrumb":{"@id":"https:\/\/alpinegarden.com.tr\/site\/\/iletisim\/#breadcrumb"},"inLanguage":"tr","potentialAction":[{"@type":"ReadAction","target":["https:\/\/alpinegarden.com.tr\/site\/\/iletisim\/"]}]},{"@type":"BreadcrumbList","@id":"https:\/\/alpinegarden.com.tr\/site\/\/iletisim\/#breadcrumb","itemListElement":[{"@type":"ListItem","position":1,"name":"Anasayfa","item":"https:\/\/alpinegarden.com.tr\/site\/\/"},{"@type":"ListItem","position":2,"name":"\u0130leti\u015fim"}]},{"@type":"WebSite","@id":"https:\/\/alpinegarden.com.tr\/site\/#website","url":"https:\/\/alpinegarden.com.tr\/site\/","name":"Alpine Garden Evleri","description":"","publisher":{"@id":"https:\/\/alpinegarden.com.tr\/site\/#organization"},"potentialAction":[{"@type":"SearchAction","target":{"@type":"EntryPoint","urlTemplate":"https:\/\/alpinegarden.com.tr\/site\/?s={search_term_string}"},"query-input":{"@type":"PropertyValueSpecification","valueRequired":true,"valueName":"search_term_string"}}],"inLanguage":"tr"},{"@type":"Organization","@id":"https:\/\/alpinegarden.com.tr\/site\/#organization","name":"Alpine Garden Evleri","url":"https:\/\/alpinegarden.com.tr\/site\/","logo":{"@type":"ImageObject","inLanguage":"tr","@id":"https:\/\/alpinegarden.com.tr\/site\/#\/schema\/logo\/image\/","url":"","contentUrl":"","caption":"Alpine Garden Evleri"},"image":{"@id":"https:\/\/alpinegarden.com.tr\/site\/#\/schema\/logo\/image\/"}}]}},"_links":{"self":[{"href":"https:\/\/alpinegarden.com.tr\/site\/wp-json\/wp\/v2\/pages\/68","targetHints":{"allow":["GET"]}}],"collection":[{"href":"https:\/\/alpinegarden.com.tr\/site\/wp-json\/wp\/v2\/pages"}],"about":[{"href":"https:\/\/alpinegarden.com.tr\/site\/wp-json\/wp\/v2\/types\/page"}],"author":[{"embeddable":true,"href":"https:\/\/alpinegarden.com.tr\/site\/wp-json\/wp\/v2\/users\/1"}],"replies":[{"embeddable":true,"href":"https:\/\/alpinegarden.com.tr\/site\/wp-json\/wp\/v2\/comments?post=68"}],"version-history":[{"count":48,"href":"https:\/\/alpinegarden.com.tr\/site\/wp-json\/wp\/v2\/pages\/68\/revisions"}],"predecessor-version":[{"id":4883,"href":"https:\/\/alpinegarden.com.tr\/site\/wp-json\/wp\/v2\/pages\/68\/revisions\/4883"}],"wp:attachment":[{"href":"https:\/\/alpinegarden.com.tr\/site\/wp-json\/wp\/v2\/media?parent=68"}],"curies":[{"name":"wp","href":"https:\/\/api.w.org\/{rel}","templated":true}]}}